{"id":1550,"date":"2018-01-10T11:22:33","date_gmt":"2018-01-10T10:22:33","guid":{"rendered":"https:\/\/www.tiregom.fr\/blog\/?page_id=1550"},"modified":"2018-01-10T11:37:58","modified_gmt":"2018-01-10T10:37:58","slug":"top-10-meilleurs-constructeurs-engins-agricole-2017","status":"publish","type":"page","link":"https:\/\/www.tiregom.fr\/blog\/top-10-meilleurs-constructeurs-engins-agricole-2017","title":{"rendered":"Top 10 des meilleurs constructeurs d&rsquo;engins agricole 2017"},"content":{"rendered":"<p><em><img loading=\"lazy\" decoding=\"async\" class=\"size-full wp-image-1608 aligncenter\" src=\"https:\/\/www.tiregom.fr\/blog\/wp-content\/uploads\/2018\/01\/Meilleures-marques-tracteurs.png\" alt=\"Top 10 des meilleurs constructeurs d'engins agricole\" width=\"1080\" height=\"520\" srcset=\"https:\/\/www.tiregom.fr\/blog\/wp-content\/uploads\/2018\/01\/Meilleures-marques-tracteurs.png 1080w, https:\/\/www.tiregom.fr\/blog\/wp-content\/uploads\/2018\/01\/Meilleures-marques-tracteurs-300x144.png 300w, https:\/\/www.tiregom.fr\/blog\/wp-content\/uploads\/2018\/01\/Meilleures-marques-tracteurs-768x370.png 768w, https:\/\/www.tiregom.fr\/blog\/wp-content\/uploads\/2018\/01\/Meilleures-marques-tracteurs-800x385.png 800w\" sizes=\"auto, (max-width: 1080px) 100vw, 1080px\" \/><\/em><\/p>\n<p>&nbsp;<\/p>\n<p><em>Puisque le rideau est finalement tomb\u00e9 sur 2017, l\u2019heure est au bilan. Les statistiques concernant <strong>l\u2019indice de satisfaction des concessionnaires envers leurs constructeurs agricole<\/strong>\u00a0sont tomb\u00e9es il y a quelques jours. Les donn\u00e9es ont \u00e9t\u00e9 collect\u00e9es comme d\u2019habitude par <strong>Climmar<\/strong>, le magazine de l&rsquo;association europ\u00e9enne de distributeurs.<\/em><\/p>\n<p>&nbsp;<\/p>\n<h2>Les laur\u00e9ats 2017<\/h2>\n<p>&nbsp;<\/p>\n<p><img loading=\"lazy\" decoding=\"async\" class=\"size-full wp-image-1591 aligncenter\" src=\"https:\/\/www.tiregom.fr\/blog\/wp-content\/uploads\/2018\/01\/Top-meilleures-marques-tracteur-e1515578572177.jpeg\" alt=\"Top meilleures marques tracteur et engin agricole\" width=\"1200\" height=\"429\" srcset=\"https:\/\/www.tiregom.fr\/blog\/wp-content\/uploads\/2018\/01\/Top-meilleures-marques-tracteur-e1515578572177.jpeg 1200w, https:\/\/www.tiregom.fr\/blog\/wp-content\/uploads\/2018\/01\/Top-meilleures-marques-tracteur-e1515578572177-300x107.jpeg 300w, https:\/\/www.tiregom.fr\/blog\/wp-content\/uploads\/2018\/01\/Top-meilleures-marques-tracteur-e1515578572177-768x275.jpeg 768w, https:\/\/www.tiregom.fr\/blog\/wp-content\/uploads\/2018\/01\/Top-meilleures-marques-tracteur-e1515578572177-800x286.jpeg 800w, https:\/\/www.tiregom.fr\/blog\/wp-content\/uploads\/2018\/01\/Top-meilleures-marques-tracteur-e1515578572177-1080x386.jpeg 1080w\" sizes=\"auto, (max-width: 1200px) 100vw, 1200px\" \/><\/p>\n<p>&nbsp;<\/p>\n<p>Cette ann\u00e9e, les r\u00e9sultats par cat\u00e9gorie sont assez disparates dans l\u2019ensemble.<\/p>\n<p>Ainsi, dans la <strong>cat\u00e9gorie \u00ab image de marque \u00bb<\/strong> par exemple, ce sont les constructeurs\u00a0<strong>Fendt<\/strong>, <strong>John Deere<\/strong> et <strong>Valtra<\/strong> qui trustent les trois premi\u00e8res places de ce top 10.<\/p>\n<p>Dans la <strong>cat\u00e9gorie des entreprises qui ont accord\u00e9 du temps pour former leurs partenaires<\/strong> par contre, ce sont <strong>Kubota<\/strong>, <strong>Fendt<\/strong> et <strong>Claas<\/strong> qui ravissent les trois premi\u00e8res places du podium.<\/p>\n<p>Sur le plan de la <strong>rentabilit\u00e9<\/strong>, ce sont <strong>Kubota<\/strong>, <strong>Fendt<\/strong> et <strong>New Holland<\/strong> qui arrivent en t\u00eate de l\u2019indice de satisfaction des concessionnaires.<\/p>\n<p>Mais si le classement par cat\u00e9gorie a ainsi consacr\u00e9 des laur\u00e9ats diff\u00e9rents, le <strong>classement g\u00e9n\u00e9ral<\/strong>, c\u2019est \u00e0 dire toutes cat\u00e9gories confondues, a quant \u00e0 lui r\u00e9v\u00e9l\u00e9 <strong>trois grands gagnants : Kubota, Fendt et Claas<\/strong>. Pour le dire autrement, ce sont donc ces trois marques qui remportent la palme de l\u2019indice de satisfaction des concessionnaires pour cette ann\u00e9e 2018.<\/p>\n<p>&nbsp;<\/p>\n<h2>Les participants \u00e0 l\u2019enqu\u00eate cette ann\u00e9e<\/h2>\n<p>&nbsp;<\/p>\n<p>Pour l\u2019\u00e9tablissement de ce classement 2017, les enqu\u00eates ont \u00e9t\u00e9 r\u00e9alis\u00e9es aupr\u00e8s de 1158 concessionnaires \u00e9tablis au travers de <strong>8 pays d\u2019Europe de l\u2019Ouest<\/strong>. Il s\u2019agit de la France, du Danemark, de la Belgique, de l\u2019Allemagne, de l\u2019Italie, de la Pologne, des Pays-Bas et du Royaume-Uni.<\/p>\n<p>Avec pr\u00e8s de 307 concessionnaires qui ont accept\u00e9 de jouer le jeu, la France est le pays qui a \u00e9t\u00e9 le plus int\u00e9ress\u00e9 \u00e0 l\u2019\u00e9tablissement de ce <strong>top 10 des meilleurs constructeurs d&rsquo;engins agricole<\/strong> cette ann\u00e9e. La Pologne quant \u00e0 elle est le pays qui a le moins contribu\u00e9 \u00e0 l\u2019enqu\u00eate puisque seuls 32 concessionnaires ont r\u00e9pondu aux questionnaires de Climmar l\u2019ann\u00e9e pass\u00e9e.<\/p>\n<p>&nbsp;<\/p>\n<p><strong><span style=\"color: #000000;\">\u00c0 lire aussi :\u00a0<\/span><\/strong><a href=\"https:\/\/www.tiregom.fr\/blog\/trelleborg-lance-pneutrac-nouvelle-generation-pneus-agricoles-1572.html\"><strong>Trelleborg lance Pneutrac, la nouvelle g\u00e9n\u00e9ration de pneus agricoles<\/strong><\/a><\/p>\n<p>&nbsp;<\/p>\n<h3>Les crit\u00e8res d\u2019\u00e9valuation<\/h3>\n<p>&nbsp;<\/p>\n<p>Pour ce qui est des crit\u00e8res d\u2019\u00e9valuation, 14 cat\u00e9gories ont \u00e9t\u00e9 d\u00e9finies cette ann\u00e9e. Il s\u2019agit de(s) :<\/p>\n<ul>\n<li style=\"list-style-type: none;\">\n<ul>\n<li>L\u2019image de marque,<\/li>\n<li>La politique de marketing mise en avant par rapport aux v\u00e9hicules agricoles comme les tracteurs,<\/li>\n<li>Marketing sur les pi\u00e8ces d\u00e9tach\u00e9es,<\/li>\n<li>Services apr\u00e8s-vente et garanties promises,<\/li>\n<li>Services informatiques,<\/li>\n<li>La publicit\u00e9,<\/li>\n<li>Termes de paiement et du service administratif des entreprises,<\/li>\n<li>Formations accord\u00e9es par les constructeurs,<\/li>\n<li>Management,<\/li>\n<li>L\u2019\u00e9tat des relations constructeurs-concessionnaire,<\/li>\n<li>La rentabilit\u00e9 des produits,<\/li>\n<li>Am\u00e9liorations apport\u00e9es pour corriger les points faibles des produits,<\/li>\n<li>Offres de financement consenties,<\/li>\n<li>Et enfin des syst\u00e8mes antivol.<\/li>\n<\/ul>\n<\/li>\n<\/ul>\n<p>&nbsp;<\/p>\n<p><span style=\"color: #000000;\"><strong>\u00c0 lire aussi :\u00a0<\/strong><\/span><strong><a href=\"https:\/\/www.tiregom.fr\/blog\/agriconomie-allopneus-656.html\">Allopneus, nouveau partenaire d\u2019Agriconomie<\/a><\/strong><\/p>\n","protected":false},"excerpt":{"rendered":"<p>&nbsp; Puisque le rideau est finalement tomb\u00e9 sur 2017, l\u2019heure est au bilan. Les statistiques concernant l\u2019indice de satisfaction des concessionnaires envers leurs constructeurs agricole\u00a0sont tomb\u00e9es il y a quelques jours. Les donn\u00e9es ont \u00e9t\u00e9 collect\u00e9es comme d\u2019habitude par Climmar, le magazine de l&rsquo;association europ\u00e9enne de distributeurs. &nbsp; Les laur\u00e9ats 2017 &nbsp; &nbsp; Cette ann\u00e9e, [&hellip;]<\/p>\n","protected":false},"author":2,"featured_media":1608,"parent":0,"menu_order":0,"comment_status":"closed","ping_status":"closed","template":"","meta":{"_seopress_robots_primary_cat":"","_seopress_titles_title":"","_seopress_titles_desc":"","_seopress_robots_index":"","footnotes":""},"class_list":["post-1550","page","type-page","status-publish","has-post-thumbnail","hentry"],"_links":{"self":[{"href":"https:\/\/www.tiregom.fr\/blog\/wp-json\/wp\/v2\/pages\/1550","targetHints":{"allow":["GET"]}}],"collection":[{"href":"https:\/\/www.tiregom.fr\/blog\/wp-json\/wp\/v2\/pages"}],"about":[{"href":"https:\/\/www.tiregom.fr\/blog\/wp-json\/wp\/v2\/types\/page"}],"author":[{"embeddable":true,"href":"https:\/\/www.tiregom.fr\/blog\/wp-json\/wp\/v2\/users\/2"}],"replies":[{"embeddable":true,"href":"https:\/\/www.tiregom.fr\/blog\/wp-json\/wp\/v2\/comments?post=1550"}],"version-history":[{"count":5,"href":"https:\/\/www.tiregom.fr\/blog\/wp-json\/wp\/v2\/pages\/1550\/revisions"}],"predecessor-version":[{"id":1610,"href":"https:\/\/www.tiregom.fr\/blog\/wp-json\/wp\/v2\/pages\/1550\/revisions\/1610"}],"wp:featuredmedia":[{"embeddable":true,"href":"https:\/\/www.tiregom.fr\/blog\/wp-json\/wp\/v2\/media\/1608"}],"wp:attachment":[{"href":"https:\/\/www.tiregom.fr\/blog\/wp-json\/wp\/v2\/media?parent=1550"}],"curies":[{"name":"wp","href":"https:\/\/api.w.org\/{rel}","templated":true}]}}